{"id":105,"date":"2018-04-05T13:56:07","date_gmt":"2018-04-05T04:56:07","guid":{"rendered":"http:\/\/www.naigai-web.jp\/okadai_gnst\/?page_id=105"},"modified":"2018-04-24T22:09:58","modified_gmt":"2018-04-24T13:09:58","slug":"department-of-computer-science","status":"publish","type":"page","link":"https:\/\/www.gnst.okayama-u.ac.jp\/en\/research\/research-summary\/department-of-computer-science\/","title":{"rendered":"Department of Computer Science"},"content":{"rendered":"<div id=\"industrial\">\r\n<p class=\"date\">As of March 2018<\/p>\r\n\r\n\r\n<!-- start -->\r\n<div class=\"research-area\">\r\n<h2>Research Area : Combinatorial Algorithm Laboratory<\/h2>\r\n\r\n<div class=\"box clfx\">\r\n\r\n<div class=\"photo\">\r\n<img loading=\"lazy\" decoding=\"async\" src=\"https:\/\/www.gnst.okayama-u.ac.jp\/en\/wp-content\/uploads\/sites\/2\/2018\/04\/Combinatorial-Algorithm-Laboratory.jpg\" alt=\"\" width=\"640\" height=\"453\" class=\"alignnone size-full wp-image-115\" \/>\r\n<\/div>\r\n\r\n<div class=\"text\">\r\n\r\n<div class=\"professor\">\r\n<p class=\"url\"><a href=\"https:\/\/researchmap.jp\/read0046679\/?lang=english\" target=\"_blank\">(URL:https:\/\/researchmap.jp\/<br>read0046679\/?lang=english)<\/a><\/p>\r\n<p>Shuji JIMBO,  Senior Assistant Professor<\/p>\r\n<\/div>\r\n\r\n<div class=\"thema\">\r\n<h3>Research Themes:<\/h3>\r\n<ul>\r\n<li>Algorithms and Computational Complexity on Graphs<\/li>\r\n<li>The Eulerian Recurrent Lengths of Graphs<\/li>\r\n<li>Primality Testing Based on Pseudosquares<\/li>\r\n<li>Design of Expanding Graphs<\/li>\r\n<\/ul>\r\n<\/div>\r\n\r\n<\/div>\r\n\r\n<\/div>\r\n\r\n<div class=\"publication\">\r\n<h3>Representative Publication :<\/h3>\r\n<ul>\r\n<li> Shuji Jimbo, \u201cThe NP-Completeness of Eulerian Recurrent Length for 4-Regular Eulerian Graphs,\u201d Proceedings of 2014 4th International Conference on Artificial Intelligence with Applications in Engineering and Technology (ICAIET), pp. 155-159, December 2014.<\/li>\r\n<\/ul>\r\n<\/div>\r\n\r\n<\/div>\r\n<!-- end -->\r\n\r\n\r\n<!-- start -->\r\n<div class=\"research-area\">\r\n<h2>Research Area : System Software Laboratory<\/h2>\r\n\r\n<div class=\"box clfx\">\r\n\r\n<div class=\"photo\" style=\"width:60%\">\r\n<img loading=\"lazy\" decoding=\"async\" src=\"https:\/\/www.gnst.okayama-u.ac.jp\/en\/wp-content\/uploads\/sites\/2\/2018\/04\/System-Software-Laboratory.jpg\" alt=\"\" width=\"640\" height=\"429\" class=\"alignnone size-full wp-image-113\" \/>\r\n<\/div>\r\n\r\n<div class=\"text\">\r\n\r\n<div class=\"professor\">\r\n<p class=\"url\" style=\"width:35%\"><a href=\"http:\/\/www.swlab.cs.okayama-u.ac.jp\/lab\/tani\/index.html\" target=\"_blank\">(URL:http:\/\/www.swlab.cs.okayama-u.ac.jp\/lab\/tani\/index.html)<\/a><\/p>\r\n<p>Hideo TANIGUCHI,  Professor<\/p>\r\n<p>Masaya SATO,  Assistant Professor<\/p>\r\n<\/div>\r\n\r\n<div class=\"thema\">\r\n<h3>Research Themes:<\/h3>\r\n<ul>\r\n<li><i>Tender<\/i> Operating System<\/li>\r\n<li><i>AnT<\/i> Operating System<\/li>\r\n<li>Mechanism for Regulating Program Execution Speed<\/li>\r\n<li>Mechanism of Exchanging Parts of Programs During Execution<\/li>\r\n<li>Virtual Machine Security<\/li>\r\n<\/ul>\r\n<\/div>\r\n\r\n<\/div>\r\n\r\n<\/div>\r\n\r\n<div class=\"publication\">\r\n<h3>Representative Publication :<\/h3>\r\n<ul>\r\n<li>Toshihiro Yamauchi, Masahiro Tsuruya and Hideo Taniguchi, \u201cFast Control Method of Software-Managed TLB for Reducing Zero- Copy Communication Overhead,\u201d IEICE Transactions on Information and Systems, Vol. E98-D, No.12, pp. 2187\u20132191, 2015.<\/li>\r\n<\/ul>\r\n<\/div>\r\n\r\n<\/div>\r\n<!-- end -->\r\n\r\n\r\n<!-- start -->\r\n<div class=\"research-area\">\r\n<h2>Research Area : Computer Architecture Laboratory<\/h2>\r\n\r\n<div class=\"box clfx\">\r\n\r\n<div class=\"photo\">\r\n<img loading=\"lazy\" decoding=\"async\" src=\"https:\/\/www.gnst.okayama-u.ac.jp\/en\/wp-content\/uploads\/sites\/2\/2018\/04\/Computer-Architecture-Laboratory.jpg\" alt=\"\" width=\"640\" height=\"443\" class=\"alignnone size-full wp-image-117\" \/>\r\n<\/div>\r\n\r\n<div class=\"text\">\r\n\r\n<div class=\"professor\">\r\n<p class=\"url\"><a href=\"http:\/\/www.arc.cs.okayama-u.ac.jp\/\" target=\"_blank\">(URL:http:\/\/www.arc.cs.okayama-u.ac.jp\/ )<\/a><\/p>\r\n<p>Akira NAGOYA,  Professor<\/p>\r\n<p>Nobuya WATANABE,  Assistant Professor<\/p>\r\n<\/div>\r\n\r\n<div class=\"thema\">\r\n<h3>Research Themes:<\/h3>\r\n<ul>\r\n<li>Hardware Design Automation<\/li>\r\n<li>Dynamically Reconfigurable Hardware<\/li>\r\n<li>High-Performance Processor Technology<\/li>\r\n<li>Parallel Programming Languages and Systems<\/li>\r\n<\/ul>\r\n<\/div>\r\n\r\n<\/div>\r\n\r\n<\/div>\r\n\r\n<div class=\"publication\">\r\n<h3>Representative Publication :<\/h3>\r\n<ul>\r\n<li>Nobuya Watanabe and Akira Nagoya, \u201cFSL - A Sophisticated Hardware Description Language Inheriting Design Philosophy of SFL,\u201d Conference Record of 2017 Taiwan and Japan Conference on Circuits and Systems (TJCAS 2017), 1A-6, p. 8, August 2017.<\/li>\r\n<\/ul>\r\n<\/div>\r\n\r\n<\/div>\r\n<!-- end -->\r\n\r\n\r\n<!-- start -->\r\n<div class=\"research-area\">\r\n<h2>Research Area : Secure and Reliable Software Laboratory<\/h2>\r\n\r\n<div class=\"box clfx\">\r\n\r\n<div class=\"photo\" style=\"width:60%\">\r\n<img loading=\"lazy\" decoding=\"async\" src=\"https:\/\/www.gnst.okayama-u.ac.jp\/en\/wp-content\/uploads\/sites\/2\/2018\/04\/Secure-and-Reliable-Software-Laboratory.jpg\" alt=\"\" width=\"640\" height=\"477\" class=\"alignnone size-full wp-image-110\" \/>\r\n<\/div>\r\n\r\n<div class=\"text\">\r\n\r\n<div class=\"professor\">\r\n<p class=\"url\" style=\"width:35%\"><a href=\"http:\/\/www.swlab.cs.okayama-u.ac.jp\/lab\/yamauchi\/index.html\" target=\"_blank\">(URL:http:\/\/www.swlab.cs.okayama-u.ac.jp\/lab\/yamauchi\/index.html)<\/a><\/p>\r\n<p>Toshihiro Yamauchi,  Associate Professor<\/p>\r\n<\/div>\r\n\r\n<div class=\"thema\">\r\n<h3>Research Themes:<\/h3>\r\n<ul>\r\n<li>Operating System<\/li>\r\n<li>System Software<\/li>\r\n<li>System Security<\/li>\r\n<li>Cyber Security<\/li>\r\n<\/ul>\r\n<\/div>\r\n\r\n<\/div>\r\n\r\n<\/div>\r\n\r\n<div class=\"publication\">\r\n<h3>Representative Publication :<\/h3>\r\n<ul>\r\n<li>Toshihiro Yamauchi, Yuta Ikegami and Yuya Ban, \u201cMitigating Use-After-Free Attacks Using Memory-Reuse-Prohibited Library,\u201d IEICE Transactions on Information and Systems, Vol. E100-D, No. 10, pp. 2295-2306, DOI: 10.1587\/transinf.2016INP0020, October 2017. <\/li>\r\n<li>Shota Fujii, Masaya Sato, Toshihiro Yamauchi and Hideo Taniguchi, \u201cEvaluation and Design of Function for Tracing Diffusion of Classified Information for File Operations with KVM,\u201d The Journal of Supercomputing, Vol. 72, Issue 5, pp. 1841-1861, DOI: 10.1007\/s11227-016-1671-5, February 2016.<\/li>\r\n<\/ul>\r\n<\/div>\r\n\r\n<\/div>\r\n<!-- end -->\r\n\r\n\r\n<!-- start -->\r\n<div class=\"research-area\">\r\n<h2>Research Area : Group Collaboration Laboratory<\/h2>\r\n\r\n<div class=\"box clfx\">\r\n\r\n<div class=\"photo\" style=\"width:60%\">\r\n<img loading=\"lazy\" decoding=\"async\" src=\"https:\/\/www.gnst.okayama-u.ac.jp\/en\/wp-content\/uploads\/sites\/2\/2018\/04\/Group-Collaboration-Laboratory.jpg\" alt=\"\" width=\"640\" height=\"480\" class=\"alignnone size-full wp-image-119\" \/>\r\n<\/div>\r\n\r\n<div class=\"text\">\r\n\r\n<div class=\"professor\">\r\n<p class=\"url\" style=\"width:35%\"><a href=\"http:\/\/www.swlab.cs.okayama-u.ac.jp\/lab\/nom\/users\/nom\/index.html\" target=\"_blank\">(URL:http:\/\/www.swlab.cs.okayama-u.ac.jp\/lab\/nom\/users\/nom\/index.html)<\/a><\/p>\r\n<p>Yoshinari NOMURA, Associate Professor<\/p>\r\n<\/div>\r\n\r\n<div class=\"thema\">\r\n<h3>Research Themes:<\/h3>\r\n<ul>\r\n<li>Groupware Systems<\/li>\r\n<li>Event Prediction<\/li>\r\n<li>DevOps for System Software<\/li>\r\n<\/ul>\r\n<\/div>\r\n\r\n<\/div>\r\n\r\n<\/div>\r\n\r\n<div class=\"publication\">\r\n<h3>Representative Publication :<\/h3>\r\n<ul>\r\n<li>Takuya Okada and Yoshinari Nomura, \u201cAcquiring Application History for Successful Handover of Business Tasks,\u201d Proceedings of 2015 18th International Conference on Network-Based Information Systems, pp. 458-463, September 2015.<\/li>\r\n<\/ul>\r\n<\/div>\r\n\r\n<\/div>\r\n<!-- end -->\r\n\r\n\r\n<!-- start -->\r\n<div class=\"research-area\">\r\n<h2>Research Area : Computer Vision Laboratory<\/h2>\r\n\r\n<div class=\"box clfx\">\r\n\r\n<div class=\"photo\">\r\n<img loading=\"lazy\" decoding=\"async\" src=\"https:\/\/www.gnst.okayama-u.ac.jp\/en\/wp-content\/uploads\/sites\/2\/2018\/04\/Computer-Vision-Laboratory.jpg\" alt=\"\" width=\"601\" height=\"689\" class=\"alignnone size-full wp-image-118\" \/>\r\n<\/div>\r\n\r\n<div class=\"text\">\r\n\r\n<div class=\"professor\">\r\n<p class=\"url\"><a href=\"http:\/\/www.chino.cs.okayama-u.ac.jp\/\" target=\"_blank\">(URL:http:\/\/www.chino.cs.okayama-u.ac.jp\/)<\/a><\/p>\r\n<p>Takeshi SHAKUNAGA,  Professor<\/p>\r\n<p>Tsuyoshi MIGITA,  Assistant Professor<\/p>\r\n<\/div>\r\n\r\n<div class=\"thema\">\r\n<h3>Research Themes:<\/h3>\r\n<ul>\r\n<li>Face Recognition\/Modelling<\/li>\r\n<li>Real-Time Object Tracking on Optical\/Depth Images<\/li>\r\n<li>Photometric Analysis for 3D Shape Reconstruction from Images<\/li>\r\n<\/ul>\r\n<\/div>\r\n\r\n<\/div>\r\n\r\n<\/div>\r\n\r\n<div class=\"publication\">\r\n<h3>Representative Publication :<\/h3>\r\n<ul>\r\n<li>Yuki Oka and Takeshi Shakunaga, \u201cReal-time Face Tracking and Recognition by Sparse Eigentracker Augmented by Associative Mapping to 3D Shape,\u201d in Special Issue on \u201cBest of Face and Gesture 2011\u201d, Image and Vision Computing, Elsevier, Vol. 30, Issue 3, pp. 147-158, March 2012.<\/li>\r\n<\/ul>\r\n<\/div>\r\n\r\n<\/div>\r\n<!-- end -->\r\n\r\n\r\n<!-- start -->\r\n<div class=\"research-area\">\r\n<h2>Research Area : Computational Linguistics Laboratory<\/h2>\r\n\r\n<div class=\"box clfx\">\r\n\r\n<div class=\"photo\" style=\"width:60%\">\r\n<img loading=\"lazy\" decoding=\"async\" src=\"https:\/\/www.gnst.okayama-u.ac.jp\/en\/wp-content\/uploads\/sites\/2\/2018\/04\/Computational-Linguistics-Laboratory.jpg\" alt=\"\" width=\"640\" height=\"379\" class=\"alignnone size-full wp-image-116\" \/>\r\n<\/div>\r\n\r\n<div class=\"text\">\r\n\r\n<div class=\"professor\">\r\n<p class=\"url\" style=\"width:35%\"><a href=\"http:\/\/www.cl.cs.okayama-u.ac.jp\/study\/take_e\/\" target=\"_blank\">(URL:http:\/\/www.cl.cs.okayama-u.ac.jp\/study\/take_e\/)<\/a><\/p>\r\n<p>Koichi TAKEUCHI,  Senior Assistant Professor<\/p>\r\n<\/div>\r\n\r\n<div class=\"thema\">\r\n<h3>Research Themes:<\/h3>\r\n<ul>\r\n<li>Construction of Predicate-Argument Structure Thesaurus<\/li>\r\n<li>Analysis of Semantic Roles and Frames<\/li>\r\n<li>Terminology<\/li>\r\n<li>Essay Scoring System<\/li>\r\n<\/ul>\r\n<\/div>\r\n\r\n<\/div>\r\n\r\n<\/div>\r\n\r\n<div class=\"publication\">\r\n<h3>Representative Publication :<\/h3>\r\n<ul>\r\n<li>Masayuki Ohno, Koichi Takeuchi, Kota Motojin, Masahiro Taguchi, Yoshihiko Inada, Masaya Iizuka, Tatsuhiko Abo and Hitoshi Ueda, \u201cConstruction of Open Essay Writing Data and Automatic Essay Scoring System for Japanese,\u201d Proceedings of The 15th International Conference of the Pacific Association for Computational Linguistics, pp. 215-220, August, 2017.<\/li>\r\n<\/ul>\r\n<\/div>\r\n\r\n<\/div>\r\n<!-- end -->\r\n\r\n\r\n<!-- start -->\r\n<div class=\"research-area\">\r\n<h2>Research Area : Web Informatics Laboratory<\/h2>\r\n\r\n<div class=\"box clfx\">\r\n\r\n<div class=\"photo\" style=\"width:60%\">\r\n<img loading=\"lazy\" decoding=\"async\" src=\"https:\/\/www.gnst.okayama-u.ac.jp\/en\/wp-content\/uploads\/sites\/2\/2018\/04\/Web-Informatics-Laboratory.jpg\" alt=\"\" width=\"640\" height=\"430\" class=\"alignnone size-full wp-image-142\" \/>\r\n<\/div>\r\n\r\n<div class=\"text\">\r\n\r\n<div class=\"professor\">\r\n<p class=\"url\" style=\"width:35%\"><a href=\"http:\/\/www.de.cs.okayama-u.ac.jp\/~ohta\/index.html\" target=\"_blank\">(URL:http:\/\/www.de.cs.okayama-u.ac.jp\/~ohta\/index.html)<\/a><\/p>\r\n<p>Manabu OHTA,  Professor<\/p>\r\n<p>Hirotaka NIITSUMA,  Assistant Professor <\/p>\r\n<\/div>\r\n\r\n<div class=\"thema\">\r\n<h3>Research Themes:<\/h3>\r\n<ul>\r\n<li>Web Information Retrieval<\/li>\r\n<li>Web Mining<\/li>\r\n<li>Digital Library<\/li>\r\n<li>Image Processing Algorithms<\/li>\r\n<li>Combinatorial Optimization Using Neural Networks<\/li>\r\n<\/ul>\r\n<\/div>\r\n\r\n<\/div>\r\n\r\n<\/div>\r\n\r\n<div class=\"publication\">\r\n<h3>Representative Publication :<\/h3>\r\n<ul>\r\n<li>Naomichi Kawakami, Manabu Ohta, Atsuhiro Takasu and Jun Adachi, \u201cCost Evaluation of CRF-Based Bibliography Extraction from Reference Strings,\u201d Proceedings of 16th International Conference on Asia-Pacific Digital Libraries (ICADL 2014), LNCS 8839, pp.268-278, November 2014.<\/li>\r\n<li>Ryo Asakura, Hirotaka Niitsuma and Manabu Ohta, \u201cRecurrent Neural Networks on Convoluted Word Vectors for Aspect-Based Sentiment Analysis,\u201d Online Proceedings of 18th International Conference on Computational Linguistics and Intelligent Text Processing (CICLing 2017), 12 pages, April 2017.<\/li>\r\n<\/ul>\r\n<\/div>\r\n\r\n<\/div>\r\n<!-- end -->\r\n\r\n\r\n<!-- start -->\r\n<div class=\"research-area\">\r\n<h2>Research Area : Multimedia Information System Laboratory<\/h2>\r\n\r\n<div class=\"box clfx\">\r\n\r\n<div class=\"photo\" style=\"width:60%\">\r\n<img loading=\"lazy\" decoding=\"async\" src=\"https:\/\/www.gnst.okayama-u.ac.jp\/en\/wp-content\/uploads\/sites\/2\/2018\/04\/Multimedia-Information-System-Laboratory.jpg\" alt=\"\" width=\"640\" height=\"473\" class=\"alignnone size-full wp-image-109\" \/>\r\n<\/div>\r\n\r\n<div class=\"text\">\r\n\r\n<div class=\"professor\">\r\n<p class=\"url\" style=\"width:35%\"><a href=\"http:\/\/www.mis.cs.okayama-u.ac.jp\/index_english.html\" target=\"_blank\">(URL:http:\/\/www.mis.cs.okayama-u.ac.jp\/index_english.html)<\/a><\/p>\r\n<p>Yusuke GOTOH,  Associate Professor <\/p>\r\n<\/div>\r\n\r\n<div class=\"thema\">\r\n<h3>Research Themes:<\/h3>\r\n<ul>\r\n<li>Spatial Query Processing<\/li>\r\n<li>Research on Selective Contents Broadcasting<\/li>\r\n<li>Research on P2P Streaming Systems<\/li>\r\n<li>Research on Division Based Broadcasting Systems for Webcast<\/li>\r\n<li>Behavior Analysis with Multi-Sensor Networks<\/li>\r\n<\/ul>\r\n<\/div>\r\n\r\n<\/div>\r\n\r\n<\/div>\r\n\r\n<div class=\"publication\">\r\n<h3>Representative Publication :<\/h3>\r\n<ul>\r\n<li>Yusuke Gotoh and Chiori Okubo, \u201cA Proposition of Querying Scheme with Network Voronoi Diagram in Bichromatic Reverse k-nearest Neighbor,\u201d International Journal of Pervasive Computing and Communications (IJPCC), Vol. 13, Issue. 1, pp. 62-75, May 2017.<\/li>\r\n<\/ul>\r\n<\/div>\r\n\r\n<\/div>\r\n<!-- end -->\r\n\r\n\r\n<!-- start -->\r\n<div class=\"research-area\">\r\n<h2>Research Area : Information and Mathematical Engineering Laboratory<\/h2>\r\n\r\n<div class=\"box clfx\">\r\n\r\n<div class=\"photo\">\r\n<img loading=\"lazy\" decoding=\"async\" src=\"https:\/\/www.gnst.okayama-u.ac.jp\/en\/wp-content\/uploads\/sites\/2\/2018\/04\/Information-and-Mathematical-Engineering-Laboratory.jpg\" alt=\"\" width=\"640\" height=\"448\" class=\"alignnone size-full wp-image-108\" \/>\r\n<\/div>\r\n\r\n<div class=\"text\">\r\n\r\n<div class=\"professor\">\r\n<p class=\"url\"><a href=\"http:\/\/www.momo.cs.okayama-u.ac.jp\/~takahashi\/lab.en.html\" target=\"_blank\">(URL:http:\/\/www.momo.cs.okayama-u.ac.jp\/~takahashi\/lab.en.html)<\/a><\/p>\r\n<p>Norikazu TAKAHASHI,  Professor<\/p>\r\n<\/div>\r\n\r\n<div class=\"thema\">\r\n<h3>Research Themes:<\/h3>\r\n<ul>\r\n<li>Decentralized Computation in Multi-Agent Networks<\/li>\r\n<li>Efficient Computational Methods for Nonnegative Matrix Factorization<\/li>\r\n<li>Analysis and Design of Complex Networks<\/li>\r\n<li>Efficient Learning Algorithms for Support Vector Machines<\/li>\r\n<li>Stability Analysis of Nonlinear Dynamical Systems Related to Neural Networks<\/li>\r\n<\/ul>\r\n<\/div>\r\n\r\n<\/div>\r\n\r\n<\/div>\r\n\r\n<div class=\"publication\">\r\n<h3>Representative Publication :<\/h3>\r\n<ul>\r\n<li>Kohnosuke Ogiwara, Tatsuya Fukami and Norikazu Takahashi, \u201cMaximizing Algebraic Connectivity in the Space of Graphs with Fixed Number of Vertices and Edges,\u201d IEEE Transactions on Control of Network Systems, Vol.4, No.2, pp.359-368, June 2017.\r\n<\/li>\r\n<\/ul>\r\n<\/div>\r\n\r\n<\/div>\r\n<!-- end -->\r\n\r\n\r\n<!-- start -->\r\n<div class=\"research-area\">\r\n<h2>Research Area : Software Measurement and Analytics Laboratory<\/h2>\r\n\r\n<div class=\"box clfx\">\r\n\r\n<div class=\"photo\">\r\n<img loading=\"lazy\" decoding=\"async\" src=\"https:\/\/www.gnst.okayama-u.ac.jp\/en\/wp-content\/uploads\/sites\/2\/2018\/04\/Software-Measurement-and-Analytics-Laboratory.jpg\" alt=\"\" width=\"640\" height=\"406\" class=\"alignnone size-full wp-image-111\" \/>\r\n<\/div>\r\n\r\n<div class=\"text\">\r\n\r\n<div class=\"professor\">\r\n<p class=\"url\"><a href=\"http:\/\/analytics.jpn.org\/index-e.html\" target=\"_blank\">(URL:http:\/\/analytics.jpn.org\/index-e.html)<\/a><\/p>\r\n<p>Akito MONDEN,  Professor<\/p>\r\n<p>Zeynep YUCEL,  Assistant Professor<\/p>\r\n<\/div>\r\n\r\n<div class=\"thema\">\r\n<h3>Research Themes:<\/h3>\r\n<ul>\r\n<li>Software Quality Analysis<\/li>\r\n<li>Mining Software Repositories<\/li>\r\n<li>Artificial Intelligence in Software Engineering<\/li>\r\n<li>Software Security and Protection<\/li>\r\n<li>Human Behavior Analysis<\/li>\r\n<\/ul>\r\n<\/div>\r\n\r\n<\/div>\r\n\r\n<\/div>\r\n\r\n<div class=\"publication\">\r\n<h3>Representative Publication :<\/h3>\r\n<ul>\r\n<li>Akito Monden, Takuma Hayashi, Shoji Shinoda, Kumiko Shirai, Junichi Yoshida, Mike Barker and Kenichi Matsumoto, \u201cAssessing the Cost Effectiveness of Fault Prediction in Acceptance Testing,\u201d IEEE Transactions on Software Engineering, Vol. 39, No. 1, pp. 1345-1357, October 2013.<\/li>\r\n<li>Zeynep Y\u00fccel, Albert Ali Salah, \u00c7etin Meri\u00e7li, Tekin Meri\u00e7li, Roberto Valenti and Theo Gevers, \u201cJoint Attention by Gaze Interpolation and Saliency,\u201d IEEE Transactions on Cybernetics, Vol. 43, No. 3, pp. 829-842, June 2013.<\/li>\r\n<\/ul>\r\n<\/div>\r\n\r\n<\/div>\r\n<!-- end -->\r\n\r\n\r\n<!-- start -->\r\n<div class=\"research-area\">\r\n<h2>Research Area : Human Computer Interaction Laboratory<\/h2>\r\n\r\n<div class=\"box clfx\">\r\n\r\n<div class=\"photo\">\r\n<img loading=\"lazy\" decoding=\"async\" src=\"https:\/\/www.gnst.okayama-u.ac.jp\/en\/wp-content\/uploads\/sites\/2\/2018\/04\/Human-Computer-Interaction-Laboratory.jpg\" alt=\"\" width=\"267\" height=\"283\" class=\"alignnone size-full wp-image-107\" \/>\r\n<\/div>\r\n\r\n<div class=\"text\">\r\n\r\n<div class=\"professor\">\r\n<p class=\"url\"><a href=\"http:\/\/www.momo.cs.okayama-u.ac.jp\/~sasakura\/\" target=\"_blank\">(URL:http:\/\/www.momo.cs.okayama-u.ac.jp\/~sasakura\/)<\/a><\/p>\r\n<p>Mariko SASAKURA,  Assistant Professor<\/p>\r\n<\/div>\r\n\r\n<div class=\"thema\">\r\n<h3>Research Themes:<\/h3>\r\n<ul>\r\n<li>Natural User Interface<\/li>\r\n<li>Rehabilitation System for Aphasic Persons<\/li>\r\n<li>Information Visualization<\/li>\r\n<\/ul>\r\n<\/div>\r\n\r\n<\/div>\r\n<br>\r\n<\/div>\r\n\r\n<div class=\"publication\">\r\n<h3>Representative Publication :<\/h3>\r\n<ul>\r\n<li>Mariko Sasakura, Saori Iikuma and Yokihiro Izawa, \u201cAn Experience of Information Visualization and Interaction for Aphasic Persons,\u201d Proceedings of 19th International Conference on Information Visualisation (IV15), pp. 553-556, 2015.<\/li>\r\n<\/ul>\r\n<\/div>\r\n\r\n<\/div>\r\n<!-- end -->\r\n\r\n\r\n<\/div>    \t","protected":false},"excerpt":{"rendered":"As of March 2018 Research Area : Combinatorial Algorithm Laboratory (URL:https:\/\/researchmap.jp\/read0046679\/?lang=english) Shuji JIMBO, Senior Assista...","protected":false},"author":1,"featured_media":0,"parent":8,"menu_order":6,"comment_status":"closed","ping_status":"closed","template":"2column2.php","meta":{"footnotes":""},"class_list":["post-105","page","type-page","status-publish","hentry"],"_links":{"self":[{"href":"https:\/\/www.gnst.okayama-u.ac.jp\/en\/wp-json\/wp\/v2\/pages\/105","targetHints":{"allow":["GET"]}}],"collection":[{"href":"https:\/\/www.gnst.okayama-u.ac.jp\/en\/wp-json\/wp\/v2\/pages"}],"about":[{"href":"https:\/\/www.gnst.okayama-u.ac.jp\/en\/wp-json\/wp\/v2\/types\/page"}],"author":[{"embeddable":true,"href":"https:\/\/www.gnst.okayama-u.ac.jp\/en\/wp-json\/wp\/v2\/users\/1"}],"replies":[{"embeddable":true,"href":"https:\/\/www.gnst.okayama-u.ac.jp\/en\/wp-json\/wp\/v2\/comments?post=105"}],"version-history":[{"count":1,"href":"https:\/\/www.gnst.okayama-u.ac.jp\/en\/wp-json\/wp\/v2\/pages\/105\/revisions"}],"predecessor-version":[{"id":1290,"href":"https:\/\/www.gnst.okayama-u.ac.jp\/en\/wp-json\/wp\/v2\/pages\/105\/revisions\/1290"}],"up":[{"embeddable":true,"href":"https:\/\/www.gnst.okayama-u.ac.jp\/en\/wp-json\/wp\/v2\/pages\/8"}],"wp:attachment":[{"href":"https:\/\/www.gnst.okayama-u.ac.jp\/en\/wp-json\/wp\/v2\/media?parent=105"}],"curies":[{"name":"wp","href":"https:\/\/api.w.org\/{rel}","templated":true}]}}